{"id":2,"date":"2011-02-04T16:22:49","date_gmt":"2011-02-04T16:22:49","guid":{"rendered":"http:\/\/www.mrprotokoll.de\/?page_id=2"},"modified":"2017-10-04T08:56:06","modified_gmt":"2017-10-04T06:56:06","slug":"about","status":"publish","type":"page","link":"https:\/\/www.mrprotokoll.de\/?page_id=2","title":{"rendered":"About"},"content":{"rendered":"<p>Diese Domain ist in meinen Studienzeiten entstanden und sollte all denen dienlich sein, die an den Protokollen und Praktika ihres E-Technik Studiums verzweifeln. Irgendwann war ich nat\u00fcrlich mit meinem Studium fertig und es hat sich leider niemand gefunden, der meine &#8222;Aufgabe&#8220; \u00fcbernehmen wollte. Daher stelle ich meine Unterlagen (und die Unterlagen meiner Kommilitonen) nicht mehr zur Verf\u00fcgung. Au\u00dfer ich werde danach explizit gefragt.<\/p>\n<p>Da ich mir jedoch keinen neuen Domainnamen suchen wollte, habe ich diesen jetzt behalten und benutze ihn f\u00fcr andere Zwecke.<\/p>\n","protected":false},"excerpt":{"rendered":"<p>Diese Domain ist in meinen Studienzeiten entstanden und sollte all denen dienlich sein, die an den Protokollen und Praktika ihres E-Technik Studiums verzweifeln. Irgendwann war ich nat\u00fcrlich mit meinem Studium fertig und es hat sich leider niemand gefunden, der meine &#8222;Aufgabe&#8220; \u00fcbernehmen wollte. Daher stelle ich meine Unterlagen (und die Unterlagen meiner Kommilitonen) nicht mehr [&hellip;]<\/p>\n","protected":false},"author":1,"featured_media":0,"parent":0,"menu_order":98,"comment_status":"open","ping_status":"open","template":"","meta":{"footnotes":""},"class_list":["post-2","page","type-page","status-publish","hentry"],"_links":{"self":[{"href":"https:\/\/www.mrprotokoll.de\/index.php?rest_route=\/wp\/v2\/pages\/2","targetHints":{"allow":["GET"]}}],"collection":[{"href":"https:\/\/www.mrprotokoll.de\/index.php?rest_route=\/wp\/v2\/pages"}],"about":[{"href":"https:\/\/www.mrprotokoll.de\/index.php?rest_route=\/wp\/v2\/types\/page"}],"author":[{"embeddable":true,"href":"https:\/\/www.mrprotokoll.de\/index.php?rest_route=\/wp\/v2\/users\/1"}],"replies":[{"embeddable":true,"href":"https:\/\/www.mrprotokoll.de\/index.php?rest_route=%2Fwp%2Fv2%2Fcomments&post=2"}],"version-history":[{"count":6,"href":"https:\/\/www.mrprotokoll.de\/index.php?rest_route=\/wp\/v2\/pages\/2\/revisions"}],"predecessor-version":[{"id":334,"href":"https:\/\/www.mrprotokoll.de\/index.php?rest_route=\/wp\/v2\/pages\/2\/revisions\/334"}],"wp:attachment":[{"href":"https:\/\/www.mrprotokoll.de\/index.php?rest_route=%2Fwp%2Fv2%2Fmedia&parent=2"}],"curies":[{"name":"wp","href":"https:\/\/api.w.org\/{rel}","templated":true}]}}